{"id":19176,"date":"2014-02-18T10:24:32","date_gmt":"2014-02-18T17:24:32","guid":{"rendered":"http:\/\/www.danielrrosen.com\/?page_id=19176"},"modified":"2016-10-29T15:41:38","modified_gmt":"2016-10-29T21:41:38","slug":"abogado-lesiones-personales-colorado","status":"publish","type":"page","link":"https:\/\/www.danielrrosen.com\/es\/abogado-lesiones-personales-colorado\/","title":{"rendered":"Abogado de Lesiones Personales en Colorado con 30 A\u00f1os de Experiencia"},"content":{"rendered":"<p>[et_pb_section admin_label=&#8221;Section&#8221; fullwidth=&#8221;off&#8221; specialty=&#8221;off&#8221; transparent_background=&#8221;off&#8221; allow_player_pause=&#8221;off&#8221; inner_shadow=&#8221;off&#8221; parallax=&#8221;off&#8221; parallax_method=&#8221;off&#8221; padding_mobile=&#8221;off&#8221; make_fullwidth=&#8221;off&#8221; use_custom_width=&#8221;off&#8221; width_unit=&#8221;on&#8221; make_equal=&#8221;off&#8221; use_custom_gutter=&#8221;off&#8221;][et_pb_row admin_label=&#8221;Row&#8221; make_fullwidth=&#8221;on&#8221; use_custom_width=&#8221;off&#8221; width_unit=&#8221;on&#8221; use_custom_gutter=&#8221;on&#8221; gutter_width=&#8221;0&#8243; custom_padding=&#8221;0px|0px|0px|0px&#8221; padding_mobile=&#8221;on&#8221; allow_player_pause=&#8221;off&#8221; parallax=&#8221;off&#8221; parallax_method=&#8221;off&#8221; make_equal=&#8221;on&#8221; parallax_1=&#8221;off&#8221; parallax_method_1=&#8221;off&#8221; padding_top_1=&#8221;20px&#8221; padding_right_1=&#8221;40px&#8221; padding_bottom_1=&#8221;20px&#8221; padding_left_1=&#8221;40px&#8221; parallax_2=&#8221;off&#8221; parallax_method_2=&#8221;off&#8221; column_padding_mobile=&#8221;on&#8221;][et_pb_column type=&#8221;2_3&#8243;][et_pb_text admin_label=&#8221;Text&#8221; background_layout=&#8221;light&#8221; text_orientation=&#8221;left&#8221; use_border_color=&#8221;off&#8221; border_color=&#8221;#ffffff&#8221; border_style=&#8221;solid&#8221;]<\/p>\n<h1>Abogado de Lesiones Personales en Colorado con 30 A\u00f1os de Experiencia<\/h1>\n<p>Mi nombre es Dan Rosen y soy abogado en lastimaduras a tu persona con m\u00e1s de 30 a\u00f1os de experiencia en estos casos sobre toda la regi\u00f3n de Colorado. Yo personalmente he tomado m\u00e1s de miles de casos de accidentes y solucionado y resuelto casos para mis clientes m\u00e1s de $100 millones. Con m\u00e1s de cienes de abogados por toda la regi\u00f3n de Colorado, es importante saber y entender que separa a un bufete de abogados del otro.<\/p>\n<div class=\"rosfulldivider\"><\/div>\n<h1>Por Que Escoger a Mi Oficina?<\/h1>\n<h2>Aqu\u00ed est\u00e1n unas de las razones del porque mi oficina es diferente&#8230;<\/h2>\n<p>[\/et_pb_text][et_pb_divider admin_label=&#8221;Divider&#8221; color=&#8221;#ffffff&#8221; show_divider=&#8221;off&#8221; divider_style=&#8221;solid&#8221; divider_position=&#8221;top&#8221; hide_on_mobile=&#8221;on&#8221; height=&#8221;10px&#8221;]<\/p>\n<p>[\/et_pb_divider][et_pb_blurb admin_label=&#8221;Inigualable Atenci\u00f3n Personal&#8221; title=&#8221;Inigualable Atenci\u00f3n Personal&#8221; url_new_window=&#8221;off&#8221; use_icon=&#8221;off&#8221; icon_color=&#8221;#a20e12&#8243; use_circle=&#8221;off&#8221; circle_color=&#8221;#a20e12&#8243; use_circle_border=&#8221;off&#8221; circle_border_color=&#8221;#a20e12&#8243; image=&#8221;\/wp-content\/themes\/Rosen\/images\/advicons\/handsoff.png&#8221; alt=&#8221;Inigualable Atenci\u00f3n Personal&#8221; icon_placement=&#8221;left&#8221; animation=&#8221;off&#8221; background_layout=&#8221;light&#8221; text_orientation=&#8221;left&#8221; use_icon_font_size=&#8221;off&#8221; use_border_color=&#8221;on&#8221; border_color=&#8221;#ffffff&#8221; border_style=&#8221;solid&#8221; custom_padding=&#8221;36px|0px|36px|36px&#8221; module_class=&#8221;rosenadvblurb&#8221; module_id=&#8221;advhands&#8221;]<\/p>\n<p>Yo, personalmente atiendo su caso. No les paso mis casos a abogados asociados como otros bufetes de abogados en lastimaduras personales lo hacen. Yo soy el abogado al que usted va a contratar, as\u00ed que yo ser\u00e9 el que personalmente atender\u00e1 su caso. Es as\u00ed de simple.<\/p>\n<p>[\/et_pb_blurb][et_pb_blurb admin_label=&#8221;D\u00e9cadas de Experiencia en Lastimaduras a tu Persona&#8221; title=&#8221;D\u00e9cadas de Experiencia en Lastimaduras a tu Persona&#8221; url_new_window=&#8221;off&#8221; use_icon=&#8221;off&#8221; icon_color=&#8221;#a20e12&#8243; use_circle=&#8221;off&#8221; circle_color=&#8221;#a20e12&#8243; use_circle_border=&#8221;off&#8221; circle_border_color=&#8221;#a20e12&#8243; image=&#8221;\/wp-content\/themes\/Rosen\/images\/advicons\/calendaroff.png&#8221; alt=&#8221;D\u00e9cadas de Experiencia en Lastimaduras a tu Persona&#8221; icon_placement=&#8221;left&#8221; animation=&#8221;off&#8221; background_layout=&#8221;light&#8221; text_orientation=&#8221;left&#8221; use_icon_font_size=&#8221;off&#8221; use_border_color=&#8221;on&#8221; border_color=&#8221;#ffffff&#8221; border_style=&#8221;solid&#8221; custom_padding=&#8221;36px|0px|36px|36px&#8221; module_class=&#8221;rosenadvblurb&#8221; module_id=&#8221;advcalendar&#8221;]<\/p>\n<p>Tengo m\u00e1s de 30 a\u00f1os de experiencia manejando casos de lesiones personales y casos de accidente exclusivamente. Otras empresas les gusta hablar de \u201cexperiencia combinada.\u201d Nosotros no. Yo personalmente tengo m\u00e1s de 30 a\u00f1os de experiencia, y he resuelto m\u00e1s de $100 millones de d\u00f3lares en da\u00f1os y reclamaciones de accidente para mis clientes.<\/p>\n<p>[\/et_pb_blurb][et_pb_blurb admin_label=&#8221;Honestidad y Integridad&#8221; title=&#8221;Honestidad y Integridad&#8221; url_new_window=&#8221;off&#8221; use_icon=&#8221;off&#8221; icon_color=&#8221;#a20e12&#8243; use_circle=&#8221;off&#8221; circle_color=&#8221;#a20e12&#8243; use_circle_border=&#8221;off&#8221; circle_border_color=&#8221;#a20e12&#8243; image=&#8221;\/wp-content\/themes\/Rosen\/images\/advicons\/badgeoff.png&#8221; alt=&#8221;Honestidad y Integridad&#8221; icon_placement=&#8221;left&#8221; animation=&#8221;off&#8221; background_layout=&#8221;light&#8221; text_orientation=&#8221;left&#8221; use_icon_font_size=&#8221;off&#8221; use_border_color=&#8221;on&#8221; border_color=&#8221;#ffffff&#8221; border_style=&#8221;solid&#8221; custom_padding=&#8221;36px|0px|36px|36px&#8221; module_class=&#8221;rosenadvblurb&#8221; module_id=&#8221;advbadge&#8221;]<\/p>\n<p>Yo siempre soy honesto y con las cuentas claras con usted durante todo el proceso. Si tiene alguna pregunta o inquietud acerca de su caso, mi equipo y yo estamos siempre aqu\u00ed para ayudar. Nos consideramos a los m\u00e1s altos niveles de integridad de nuestros clientes.<\/p>\n<p>[\/et_pb_blurb][et_pb_blurb admin_label=&#8221;Filosof\u00eda de Soluci\u00f3n-Primero&#8221; title=&#8221;Filosof\u00eda de Soluci\u00f3n-Primero&#8221; url_new_window=&#8221;off&#8221; use_icon=&#8221;off&#8221; icon_color=&#8221;#a20e12&#8243; use_circle=&#8221;off&#8221; circle_color=&#8221;#a20e12&#8243; use_circle_border=&#8221;off&#8221; circle_border_color=&#8221;#a20e12&#8243; image=&#8221;\/wp-content\/themes\/Rosen\/images\/advicons\/moneyoff.png&#8221; alt=&#8221;Filosof\u00eda de Soluci\u00f3n-Primero&#8221; icon_placement=&#8221;left&#8221; animation=&#8221;off&#8221; background_layout=&#8221;light&#8221; text_orientation=&#8221;left&#8221; use_icon_font_size=&#8221;off&#8221; use_border_color=&#8221;on&#8221; border_color=&#8221;#ffffff&#8221; border_style=&#8221;solid&#8221; custom_padding=&#8221;36px|0px|36px|36px&#8221; module_class=&#8221;rosenadvblurb&#8221; module_id=&#8221;advmoney&#8221;]<\/p>\n<p>Con el fin de obtener una compensaci\u00f3n justa y los m\u00e1s r\u00e1pido y eficaz posible, Yo siempre trato de resolver un caso antes de meter una demanda a juicio\/corte. Mi principal objetivo es conseguir la compensaci\u00f3n que se merece sin tener que pasar a trav\u00e9s de un largo, agotador y frustrante proceso de juicio que puede tomar a\u00f1os.<\/p>\n<p>[\/et_pb_blurb][et_pb_blurb admin_label=&#8221;Oficinas en Colorado&#8221; title=&#8221;Oficinas en Colorado&#8221; url_new_window=&#8221;off&#8221; use_icon=&#8221;off&#8221; icon_color=&#8221;#a20e12&#8243; use_circle=&#8221;off&#8221; circle_color=&#8221;#a20e12&#8243; use_circle_border=&#8221;off&#8221; circle_border_color=&#8221;#a20e12&#8243; image=&#8221;\/wp-content\/themes\/Rosen\/images\/advicons\/mountainoff.png&#8221; alt=&#8221;Oficinas en Colorado&#8221; icon_placement=&#8221;left&#8221; animation=&#8221;off&#8221; background_layout=&#8221;light&#8221; text_orientation=&#8221;left&#8221; use_icon_font_size=&#8221;off&#8221; use_border_color=&#8221;on&#8221; border_color=&#8221;#ffffff&#8221; border_style=&#8221;solid&#8221; custom_padding=&#8221;36px|0px|36px|36px&#8221; module_class=&#8221;rosenadvblurb&#8221; module_id=&#8221;advmountain&#8221;]<\/p>\n<p>Tengo oficinas convenientemente ubicadas en todo el estado de Colorado. Podemos hacer cita con usted en cualquier de nuestras oficinas \u2013 o en su casa, o, si es necesario en el hospital\u2014totalmente GRATIS para discutir los detalles de su caso, ofrecer orientaci\u00f3n y apoyo, y obtener los documentos necesarios para su caso.<\/p>\n<p>[\/et_pb_blurb][et_pb_blurb admin_label=&#8221;Vamos a Usted dentro de un plazo de 24 horas&#8221; title=&#8221;Vamos a Usted dentro de un plazo de 24 horas&#8221; url_new_window=&#8221;off&#8221; use_icon=&#8221;off&#8221; icon_color=&#8221;#a20e12&#8243; use_circle=&#8221;off&#8221; circle_color=&#8221;#a20e12&#8243; use_circle_border=&#8221;off&#8221; circle_border_color=&#8221;#a20e12&#8243; image=&#8221;\/wp-content\/themes\/Rosen\/images\/advicons\/clockoff.png&#8221; alt=&#8221;Vamos a Usted dentro de un plazo de 24 horas&#8221; icon_placement=&#8221;left&#8221; animation=&#8221;off&#8221; background_layout=&#8221;light&#8221; text_orientation=&#8221;left&#8221; use_icon_font_size=&#8221;off&#8221; use_border_color=&#8221;on&#8221; border_color=&#8221;#ffffff&#8221; border_style=&#8221;solid&#8221; custom_padding=&#8221;36px|0px|36px|36px&#8221; module_class=&#8221;rosenadvblurb&#8221; module_id=&#8221;advclock&#8221;]<\/p>\n<p>Una vez que se comunique con nosotros, uno de mis empleados sale a reunirse con usted de forma gratuita en menos de las 24 horas. Podemos encontrarlo en su casa, en cualquiera de nuestras oficinas, o en su habitaci\u00f3n del hospital.<\/p>\n<p>[\/et_pb_blurb][et_pb_blurb admin_label=&#8221;Podemos Ayudarle Con Atenci\u00f3n M\u00e9dica&#8221; title=&#8221;Podemos Ayudarle Con Atenci\u00f3n M\u00e9dica&#8221; url_new_window=&#8221;off&#8221; use_icon=&#8221;off&#8221; icon_color=&#8221;#a20e12&#8243; use_circle=&#8221;off&#8221; circle_color=&#8221;#a20e12&#8243; use_circle_border=&#8221;off&#8221; circle_border_color=&#8221;#a20e12&#8243; image=&#8221;\/wp-content\/themes\/Rosen\/images\/advicons\/medicaloff.png&#8221; alt=&#8221;Podemos Ayudarle Con Atenci\u00f3n M\u00e9dica&#8221; icon_placement=&#8221;left&#8221; animation=&#8221;off&#8221; background_layout=&#8221;light&#8221; text_orientation=&#8221;left&#8221; use_icon_font_size=&#8221;off&#8221; use_border_color=&#8221;on&#8221; border_color=&#8221;#ffffff&#8221; border_style=&#8221;solid&#8221; custom_padding=&#8221;36px|0px|36px|36px&#8221; module_class=&#8221;rosenadvblurb&#8221; module_id=&#8221;advmedical&#8221;]<\/p>\n<p>Si usted necesita tratamiento m\u00e9dico para sus lesiones, yo le puedo ayudar a organizar eso para usted &#8212; incluso si usted no tiene seguro m\u00e9dico. Atenci\u00f3n m\u00e9dica es importante para su salud, por supuesto, pero tambi\u00e9n es necesario para documentar las lesiones para el proceso de reclamaci\u00f3n.<\/p>\n<p>[\/et_pb_blurb][\/et_pb_column][et_pb_column type=&#8221;1_3&#8243;][et_pb_sidebar admin_label=&#8221;Sidebar&#8221; orientation=&#8221;right&#8221; area=&#8221;et_pb_widget_area_8&#8243; background_layout=&#8221;light&#8221; remove_border=&#8221;on&#8221;]<\/p>\n<p>[\/et_pb_sidebar][\/et_pb_column][\/et_pb_row][\/et_pb_section]<\/p>\n","protected":false},"excerpt":{"rendered":"<p>Abogado de Lesiones Personales en Colorado con 30 A\u00f1os de Experiencia Mi nombre es Dan Rosen y soy abogado en lastimaduras a tu persona con m\u00e1s de 30 a\u00f1os de experiencia en estos casos sobre toda la regi\u00f3n de Colorado. Yo personalmente he tomado m\u00e1s de miles de casos de accidentes y solucionado y resuelto [&hellip;]<\/p>\n","protected":false},"author":9,"featured_media":19217,"parent":0,"menu_order":0,"comment_status":"open","ping_status":"open","template":"","meta":{"_et_pb_use_builder":"on","_et_pb_old_content":"<h1>Por Que Escoger a Mi Oficina?<\/h1>\r\n\r\nQue es lo que separa a la oficina de Daniel R. Rosen de cientos de bufetes de abogados especializados en lastimaduras a tu persona en Colorado? El abogado y due\u00f1o, Dan Rosen, tiene m\u00e1s de 30 a\u00f1os de experiencia en casos de accidente y lastimaduras exclusivamente, y \u00e9l personalmente atiende cada uno de sus casos. Usted recibe atenci\u00f3n directamente por nuestro bufete!\r\n\r\n<h2>Yo he ayudado a miles de personas que fueron v\u00edctimas de lastimaduras a su persona en la regi\u00f3n de Colorado a encontrar justicia, cuidado m\u00e9dico, y ayuda financiera para ustedes y sus familias.<\/h2>\r\n\r\nMi nombre es Dan Rosen y soy abogado en lastimaduras a tu persona con m\u00e1s de 30 a\u00f1os de experiencia en estos casos sobre toda la regi\u00f3n de Colorado. Yo personalmente he tomado m\u00e1s de miles de casos de accidentes y solucionado y resuelto casos para mis clientes m\u00e1s de $100 mil millones. Con m\u00e1s de cienes de abogados por toda la regi\u00f3n de Colorado, es importante saber y entender que separa a un bufete de abogados del otro. Aqu\u00ed est\u00e1n unas de las razones del porque mi oficina es diferente.","_et_gb_content_width":"","_monsterinsights_skip_tracking":false,"_monsterinsights_sitenote_active":false,"_monsterinsights_sitenote_note":"","_monsterinsights_sitenote_category":0,"jetpack_post_was_ever_published":false,"footnotes":""},"class_list":["post-19176","page","type-page","status-publish","has-post-thumbnail","hentry"],"yoast_head":"<!-- This site is optimized with the Yoast SEO plugin v27.3 - https:\/\/yoast.com\/product\/yoast-seo-wordpress\/ -->\n<title>Abogado de Lesiones Personales en Colorado | Daniel R. Rosen<\/title>\n<meta name=\"description\" content=\"El abogado y due\u00f1o, Dan Rosen, tiene m\u00e1s de 30 a\u00f1os de experiencia en casos de accidente y lastimaduras exclusivamente.\" \/>\n<meta name=\"robots\" content=\"index, follow, max-snippet:-1, max-image-preview:large, max-video-preview:-1\" \/>\n<link rel=\"canonical\" href=\"https:\/\/www.danielrrosen.com\/es\/abogado-lesiones-personales-colorado\/\" \/>\n<meta property=\"og:locale\" content=\"es_ES\" \/>\n<meta property=\"og:type\" content=\"article\" \/>\n<meta property=\"og:title\" content=\"Abogado de Lesiones Personales en Colorado | Daniel R. Rosen\" \/>\n<meta property=\"og:description\" content=\"El abogado y due\u00f1o, Dan Rosen, tiene m\u00e1s de 30 a\u00f1os de experiencia en casos de accidente y lastimaduras exclusivamente.\" \/>\n<meta property=\"og:url\" content=\"https:\/\/www.danielrrosen.com\/es\/abogado-lesiones-personales-colorado\/\" \/>\n<meta property=\"og:site_name\" content=\"Daniel R. Rosen\" \/>\n<meta property=\"article:publisher\" content=\"https:\/\/www.facebook.com\/DanielRosenLaw\/\" \/>\n<meta property=\"article:modified_time\" content=\"2016-10-29T21:41:38+00:00\" \/>\n<meta property=\"og:image\" content=\"https:\/\/media3.danielrrosen.com\/wp-content\/uploads\/2014\/02\/calendar.png\" \/>\n\t<meta property=\"og:image:width\" content=\"94\" \/>\n\t<meta property=\"og:image:height\" content=\"104\" \/>\n\t<meta property=\"og:image:type\" content=\"image\/png\" \/>\n<meta name=\"twitter:card\" content=\"summary_large_image\" \/>\n<meta name=\"twitter:label1\" content=\"Tiempo de lectura\" \/>\n\t<meta name=\"twitter:data1\" content=\"7 minutos\" \/>\n<!-- \/ Yoast SEO plugin. -->","yoast_head_json":{"title":"Abogado de Lesiones Personales en Colorado | Daniel R. Rosen","description":"El abogado y due\u00f1o, Dan Rosen, tiene m\u00e1s de 30 a\u00f1os de experiencia en casos de accidente y lastimaduras exclusivamente.","robots":{"index":"index","follow":"follow","max-snippet":"max-snippet:-1","max-image-preview":"max-image-preview:large","max-video-preview":"max-video-preview:-1"},"canonical":"https:\/\/www.danielrrosen.com\/es\/abogado-lesiones-personales-colorado\/","og_locale":"es_ES","og_type":"article","og_title":"Abogado de Lesiones Personales en Colorado | Daniel R. Rosen","og_description":"El abogado y due\u00f1o, Dan Rosen, tiene m\u00e1s de 30 a\u00f1os de experiencia en casos de accidente y lastimaduras exclusivamente.","og_url":"https:\/\/www.danielrrosen.com\/es\/abogado-lesiones-personales-colorado\/","og_site_name":"Daniel R. Rosen","article_publisher":"https:\/\/www.facebook.com\/DanielRosenLaw\/","article_modified_time":"2016-10-29T21:41:38+00:00","og_image":[{"width":94,"height":104,"url":"https:\/\/media3.danielrrosen.com\/wp-content\/uploads\/2014\/02\/calendar.png","type":"image\/png"}],"twitter_card":"summary_large_image","twitter_misc":{"Tiempo de lectura":"7 minutos"},"schema":{"@context":"https:\/\/schema.org","@graph":[{"@type":"WebPage","@id":"https:\/\/www.danielrrosen.com\/es\/abogado-lesiones-personales-colorado\/","url":"https:\/\/www.danielrrosen.com\/es\/abogado-lesiones-personales-colorado\/","name":"Abogado de Lesiones Personales en Colorado | Daniel R. Rosen","isPartOf":{"@id":"https:\/\/www.danielrrosen.com\/#website"},"primaryImageOfPage":{"@id":"https:\/\/www.danielrrosen.com\/es\/abogado-lesiones-personales-colorado\/#primaryimage"},"image":{"@id":"https:\/\/www.danielrrosen.com\/es\/abogado-lesiones-personales-colorado\/#primaryimage"},"thumbnailUrl":"https:\/\/media3.danielrrosen.com\/wp-content\/uploads\/2014\/02\/calendar.png","datePublished":"2014-02-18T17:24:32+00:00","dateModified":"2016-10-29T21:41:38+00:00","description":"El abogado y due\u00f1o, Dan Rosen, tiene m\u00e1s de 30 a\u00f1os de experiencia en casos de accidente y lastimaduras exclusivamente.","breadcrumb":{"@id":"https:\/\/www.danielrrosen.com\/es\/abogado-lesiones-personales-colorado\/#breadcrumb"},"inLanguage":"es","potentialAction":[{"@type":"ReadAction","target":["https:\/\/www.danielrrosen.com\/es\/abogado-lesiones-personales-colorado\/"]}]},{"@type":"ImageObject","inLanguage":"es","@id":"https:\/\/www.danielrrosen.com\/es\/abogado-lesiones-personales-colorado\/#primaryimage","url":"https:\/\/media3.danielrrosen.com\/wp-content\/uploads\/2014\/02\/calendar.png","contentUrl":"https:\/\/media3.danielrrosen.com\/wp-content\/uploads\/2014\/02\/calendar.png","width":94,"height":104},{"@type":"BreadcrumbList","@id":"https:\/\/www.danielrrosen.com\/es\/abogado-lesiones-personales-colorado\/#breadcrumb","itemListElement":[{"@type":"ListItem","position":1,"name":"Home","item":"https:\/\/www.danielrrosen.com\/"},{"@type":"ListItem","position":2,"name":"Abogado de Lesiones Personales en Colorado con 30 A\u00f1os de Experiencia"}]},{"@type":"WebSite","@id":"https:\/\/www.danielrrosen.com\/#website","url":"https:\/\/www.danielrrosen.com\/","name":"Daniel R. Rosen","description":"Over 25 Years Experience Handling Personal injury and Accident Cases Only","potentialAction":[{"@type":"SearchAction","target":{"@type":"EntryPoint","urlTemplate":"https:\/\/www.danielrrosen.com\/?s={search_term_string}"},"query-input":{"@type":"PropertyValueSpecification","valueRequired":true,"valueName":"search_term_string"}}],"inLanguage":"es"}]}},"jetpack_sharing_enabled":true,"_links":{"self":[{"href":"https:\/\/www.danielrrosen.com\/es\/wp-json\/wp\/v2\/pages\/19176","targetHints":{"allow":["GET"]}}],"collection":[{"href":"https:\/\/www.danielrrosen.com\/es\/wp-json\/wp\/v2\/pages"}],"about":[{"href":"https:\/\/www.danielrrosen.com\/es\/wp-json\/wp\/v2\/types\/page"}],"author":[{"embeddable":true,"href":"https:\/\/www.danielrrosen.com\/es\/wp-json\/wp\/v2\/users\/9"}],"replies":[{"embeddable":true,"href":"https:\/\/www.danielrrosen.com\/es\/wp-json\/wp\/v2\/comments?post=19176"}],"version-history":[{"count":0,"href":"https:\/\/www.danielrrosen.com\/es\/wp-json\/wp\/v2\/pages\/19176\/revisions"}],"wp:featuredmedia":[{"embeddable":true,"href":"https:\/\/www.danielrrosen.com\/es\/wp-json\/wp\/v2\/media\/19217"}],"wp:attachment":[{"href":"https:\/\/www.danielrrosen.com\/es\/wp-json\/wp\/v2\/media?parent=19176"}],"curies":[{"name":"wp","href":"https:\/\/api.w.org\/{rel}","templated":true}]}}